{"id":14,"date":"2020-09-14T09:15:49","date_gmt":"2020-09-14T09:15:49","guid":{"rendered":"http:\/\/gembalczyk.pl\/?page_id=14"},"modified":"2020-09-14T09:43:47","modified_gmt":"2020-09-14T09:43:47","slug":"oferta","status":"publish","type":"page","link":"https:\/\/gembalczyk.pl\/?page_id=14","title":{"rendered":"Oferta"},"content":{"rendered":"\n<p><\/p>\n\n\n\n<div style=\"height:100px\" aria-hidden=\"true\" class=\"wp-block-spacer\"><\/div>\n\n\n\n<div class=\"wp-block-columns\">\n<div class=\"wp-block-column\">\n<p class=\"has-text-align-center has-vivid-red-color has-text-color has-large-font-size\"><strong><a href=\"https:\/\/gembalczyk.pl\/?page_id=57\" data-type=\"page\" data-id=\"57\">Us\u0142ugi budowlane<\/a><\/strong><\/p>\n\n\n\n<div class=\"wp-block-image\"><figure class=\"aligncenter size-medium is-resized\"><img loading=\"lazy\" src=\"https:\/\/gembalczyk.pl\/wp-content\/uploads\/2020\/09\/ikonka1-1-300x127.png\" alt=\"\" class=\"wp-image-49\" width=\"159\" height=\"66\" srcset=\"https:\/\/gembalczyk.pl\/wp-content\/uploads\/2020\/09\/ikonka1-1-300x127.png 300w, https:\/\/gembalczyk.pl\/wp-content\/uploads\/2020\/09\/ikonka1-1-1024x434.png 1024w, https:\/\/gembalczyk.pl\/wp-content\/uploads\/2020\/09\/ikonka1-1-768x326.png 768w, https:\/\/gembalczyk.pl\/wp-content\/uploads\/2020\/09\/ikonka1-1-1536x652.png 1536w, https:\/\/gembalczyk.pl\/wp-content\/uploads\/2020\/09\/ikonka1-1.png 1876w\" sizes=\"(max-width: 159px) 100vw, 159px\" \/><\/figure><\/div>\n<\/div>\n\n\n\n<div class=\"wp-block-column\">\n<p class=\"has-text-align-center has-vivid-red-color has-text-color has-large-font-size\"><strong><a href=\"https:\/\/gembalczyk.pl\/?page_id=61\" data-type=\"page\" data-id=\"61\">Hurtownia materia\u0142\u00f3w budowlanych<\/a><\/strong><\/p>\n\n\n\n<div class=\"wp-block-image\"><figure class=\"aligncenter size-large is-resized\"><img loading=\"lazy\" src=\"https:\/\/gembalczyk.pl\/wp-content\/uploads\/2020\/09\/ikonka2-1024x434.png\" alt=\"\" class=\"wp-image-52\" width=\"159\" height=\"66\" srcset=\"https:\/\/gembalczyk.pl\/wp-content\/uploads\/2020\/09\/ikonka2-1024x434.png 1024w, https:\/\/gembalczyk.pl\/wp-content\/uploads\/2020\/09\/ikonka2-300x127.png 300w, https:\/\/gembalczyk.pl\/wp-content\/uploads\/2020\/09\/ikonka2-768x326.png 768w, https:\/\/gembalczyk.pl\/wp-content\/uploads\/2020\/09\/ikonka2-1536x652.png 1536w, https:\/\/gembalczyk.pl\/wp-content\/uploads\/2020\/09\/ikonka2.png 1876w\" sizes=\"(max-width: 159px) 100vw, 159px\" \/><\/figure><\/div>\n<\/div>\n<\/div>\n\n\n\n<div class=\"wp-block-columns\">\n<div class=\"wp-block-column\"><\/div>\n\n\n\n<div class=\"wp-block-column\"><\/div>\n<\/div>\n","protected":false},"excerpt":{"rendered":"<p>Us\u0142ugi budowlane Hurtownia materia\u0142\u00f3w budowlanych<\/p>\n","protected":false},"author":1,"featured_media":0,"parent":0,"menu_order":0,"comment_status":"closed","ping_status":"closed","template":"","meta":{"advgb_blocks_editor_width":"","advgb_blocks_columns_visual_guide":"","_coblocks_attr":"","_coblocks_dimensions":"","_coblocks_responsive_height":"","_coblocks_accordion_ie_support":""},"_links":{"self":[{"href":"https:\/\/gembalczyk.pl\/index.php?rest_route=\/wp\/v2\/pages\/14"}],"collection":[{"href":"https:\/\/gembalczyk.pl\/index.php?rest_route=\/wp\/v2\/pages"}],"about":[{"href":"https:\/\/gembalczyk.pl\/index.php?rest_route=\/wp\/v2\/types\/page"}],"author":[{"embeddable":true,"href":"https:\/\/gembalczyk.pl\/index.php?rest_route=\/wp\/v2\/users\/1"}],"replies":[{"embeddable":true,"href":"https:\/\/gembalczyk.pl\/index.php?rest_route=%2Fwp%2Fv2%2Fcomments&post=14"}],"version-history":[{"count":17,"href":"https:\/\/gembalczyk.pl\/index.php?rest_route=\/wp\/v2\/pages\/14\/revisions"}],"predecessor-version":[{"id":63,"href":"https:\/\/gembalczyk.pl\/index.php?rest_route=\/wp\/v2\/pages\/14\/revisions\/63"}],"wp:attachment":[{"href":"https:\/\/gembalczyk.pl\/index.php?rest_route=%2Fwp%2Fv2%2Fmedia&parent=14"}],"curies":[{"name":"wp","href":"https:\/\/api.w.org\/{rel}","templated":true}]}}