{"id":10,"date":"2020-09-14T09:15:16","date_gmt":"2020-09-14T09:15:16","guid":{"rendered":"http:\/\/gembalczyk.pl\/?page_id=10"},"modified":"2020-10-12T08:25:25","modified_gmt":"2020-10-12T08:25:25","slug":"kontakt","status":"publish","type":"page","link":"https:\/\/gembalczyk.pl\/?page_id=10","title":{"rendered":"Kontakt"},"content":{"rendered":"\n<div class=\"wp-block-columns\">\n<div class=\"wp-block-column\"><\/div>\n<\/div>\n\n\n\n<div class=\"wp-block-advgb-columns advgb-columns-wrapper\" id=\"advgb-cols-1b412f2c-2a75-40eb-bc50-27a33f82fbed\"><div class=\"advgb-columns-container\"><div class=\"advgb-columns advgb-columns-row advgb-is-mobile advgb-columns-2 layout-23-13 mbl-layout-stacked vgutter-10\">\n<div class=\"wp-block-advgb-column advgb-column advgb-is-two-thirds-tablet advgb-is-full-mobile\" id=\"advgb-col-4f3811bc-6af5-4e8d-b6fc-a91037815840\"><div class=\"advgb-column-inner\" style=\"border-style:none;border-width:1px\">\n<iframe src=\"https:\/\/www.google.com\/maps\/embed?pb=!1m18!1m12!1m3!1d2560.3105219758627!2d18.403050315954392!3d50.08047282183467!2m3!1f0!2f0!3f0!3m2!1i1024!2i768!4f13.1!3m3!1m2!1s0x47114501e244fffd%3A0x33146c77793f49a1!2sHurtownia%20Materia%C5%82%C3%B3w%20Budowlanych%20Jaros%C5%82aw%20Gembalczyk!5e0!3m2!1spl!2spl!4v1602490518969!5m2!1spl!2spl\" style=\"border:0;\" allowfullscreen=\"\" aria-hidden=\"false\" tabindex=\"0\" width=\"100%\" height=\"600\" frameborder=\"0\"><\/iframe>\n<\/div><\/div>\n\n\n\n<div class=\"wp-block-advgb-column advgb-column advgb-is-one-third-tablet advgb-is-full-mobile\" id=\"advgb-col-a7d94fda-19da-4882-acab-7766cfdb1a87\"><div class=\"advgb-column-inner\" style=\"border-style:none;border-width:1px\">\n<div style=\"color:white;background-color:#3d3d3d;line-height:1.4em;font-size:22px;padding:1.2em;\">\n\n<p>\nul. Jana III Sobieskiego 2\n<br>\n44-282 Czernica\n<\/p>\n<hr>\n<p>Kontakt:<br>\n<b>W\u0141A\u015aCICIEL:<br> Jaros\u0142aw Gembalczyk<\/b>\n<br>tel. 509 444 534\n<br>e-mail: jargem@wp.pl<\/p>\n<hr>\n<p><b>KOSZTORYSY: <br> \u0141ukasz Pyszny<\/b>\n<br>tel. 884 296 965<br>e-mail: lukaszpyszny@gembalczyk.pl\n<hr>\n<p><b>HURTOWNIA:<\/b>\n<br>tel. 692 424 239<br>e-mail: hurtowniagembalczyk@wp.pl<\/p>\n\n\n<\/div>\n<\/div><\/div>\n<\/div><\/div><\/div>\n\n\n\n<p><\/p>\n<style class=\"advgb-styles-renderer\">#advgb-cols-1b412f2c-2a75-40eb-bc50-27a33f82fbed{}#advgb-cols-1b412f2c-2a75-40eb-bc50-27a33f82fbed > .advgb-columns-container > .advgb-columns-row {}#advgb-cols-1b412f2c-2a75-40eb-bc50-27a33f82fbed > .advgb-columns-container > .advgb-columns-row > .advgb-column {}@media screen and (max-width: 1023px) {#advgb-cols-1b412f2c-2a75-40eb-bc50-27a33f82fbed{}}@media screen and (max-width: 767px) {#advgb-cols-1b412f2c-2a75-40eb-bc50-27a33f82fbed{}}#advgb-col-4f3811bc-6af5-4e8d-b6fc-a91037815840>.advgb-column-inner{}#advgb-col-4f3811bc-6af5-4e8d-b6fc-a91037815840>.advgb-column-inner > .advgb-columns-container > .advgb-columns-row {}#advgb-col-4f3811bc-6af5-4e8d-b6fc-a91037815840>.advgb-column-inner > .advgb-columns-container > .advgb-columns-row > .advgb-column {}@media screen and (max-width: 1023px) {#advgb-col-4f3811bc-6af5-4e8d-b6fc-a91037815840>.advgb-column-inner{}}@media screen and (max-width: 767px) {#advgb-col-4f3811bc-6af5-4e8d-b6fc-a91037815840>.advgb-column-inner{}}#advgb-col-a7d94fda-19da-4882-acab-7766cfdb1a87>.advgb-column-inner{}#advgb-col-a7d94fda-19da-4882-acab-7766cfdb1a87>.advgb-column-inner > .advgb-columns-container > .advgb-columns-row {}#advgb-col-a7d94fda-19da-4882-acab-7766cfdb1a87>.advgb-column-inner > .advgb-columns-container > .advgb-columns-row > .advgb-column {}@media screen and (max-width: 1023px) {#advgb-col-a7d94fda-19da-4882-acab-7766cfdb1a87>.advgb-column-inner{}}@media screen and (max-width: 767px) {#advgb-col-a7d94fda-19da-4882-acab-7766cfdb1a87>.advgb-column-inner{}}<\/style>","protected":false},"excerpt":{"rendered":"","protected":false},"author":1,"featured_media":0,"parent":0,"menu_order":0,"comment_status":"closed","ping_status":"closed","template":"","meta":{"advgb_blocks_editor_width":"","advgb_blocks_columns_visual_guide":"","_coblocks_attr":"","_coblocks_dimensions":"","_coblocks_responsive_height":"","_coblocks_accordion_ie_support":""},"_links":{"self":[{"href":"https:\/\/gembalczyk.pl\/index.php?rest_route=\/wp\/v2\/pages\/10"}],"collection":[{"href":"https:\/\/gembalczyk.pl\/index.php?rest_route=\/wp\/v2\/pages"}],"about":[{"href":"https:\/\/gembalczyk.pl\/index.php?rest_route=\/wp\/v2\/types\/page"}],"author":[{"embeddable":true,"href":"https:\/\/gembalczyk.pl\/index.php?rest_route=\/wp\/v2\/users\/1"}],"replies":[{"embeddable":true,"href":"https:\/\/gembalczyk.pl\/index.php?rest_route=%2Fwp%2Fv2%2Fcomments&post=10"}],"version-history":[{"count":115,"href":"https:\/\/gembalczyk.pl\/index.php?rest_route=\/wp\/v2\/pages\/10\/revisions"}],"predecessor-version":[{"id":383,"href":"https:\/\/gembalczyk.pl\/index.php?rest_route=\/wp\/v2\/pages\/10\/revisions\/383"}],"wp:attachment":[{"href":"https:\/\/gembalczyk.pl\/index.php?rest_route=%2Fwp%2Fv2%2Fmedia&parent=10"}],"curies":[{"name":"wp","href":"https:\/\/api.w.org\/{rel}","templated":true}]}}